{"id":10,"date":"2016-08-05T01:08:42","date_gmt":"2016-08-05T00:08:42","guid":{"rendered":"http:\/\/www.assnsm.org\/site\/?page_id=10"},"modified":"2016-09-12T18:05:16","modified_gmt":"2016-09-12T17:05:16","slug":"associacao-solidariedade-social-nossa-senhora-do-mar-assnsm","status":"publish","type":"page","link":"https:\/\/www.assnsm.org\/ag\/","title":{"rendered":"Novidades e Documenta\u00e7\u00e3o"},"content":{"rendered":"<p style=\"text-align: center;\">Sejam Bem-Vindos \u00e0 nossa \u00e1rea de gest\u00e3o de documenta\u00e7\u00e3o!<\/p>\n<p style=\"text-align: center;\"><img loading=\"lazy\" decoding=\"async\" class=\"alignnone size-full wp-image-14\" src=\"http:\/\/www.assnsm.org\/ag\/wp-content\/uploads\/2016\/08\/cropped-logotipo.jpg\" alt=\"cropped-logotipo.jpg\" width=\"160\" height=\"160\" srcset=\"https:\/\/www.assnsm.org\/ag\/wp-content\/uploads\/2016\/08\/cropped-logotipo.jpg 160w, https:\/\/www.assnsm.org\/ag\/wp-content\/uploads\/2016\/08\/cropped-logotipo-60x60.jpg 60w\" sizes=\"auto, (max-width: 160px) 100vw, 160px\" \/><\/p>\n<p>Esta \u00e1rea \u00e9 gerida a pelos nossos T\u00e9cnicos, internamente.<\/p>\n<p>Nesta \u00e1rea do site e acedendo ao menu principal podem consultar:<\/p>\n<ul>\n<li>Estatutos e Regulamentos Internos,<\/li>\n<li>Novidades e Informa\u00e7\u00f5es diversas,<\/li>\n<li>Presta\u00e7\u00f5es de Contas Anuais<\/li>\n<\/ul>\n<p>&nbsp;<\/p>\n","protected":false},"excerpt":{"rendered":"<p>Sejam Bem-Vindos \u00e0 nossa \u00e1rea de gest\u00e3o de documenta\u00e7\u00e3o! Esta \u00e1rea \u00e9 gerida a pelos nossos T\u00e9cnicos, internamente. Nesta \u00e1rea do site e acedendo ao menu principal podem consultar: Estatutos e Regulamentos Internos, Novidades e Informa\u00e7\u00f5es diversas, Presta\u00e7\u00f5es de Contas Anuais &nbsp;<\/p>\n","protected":false},"author":1,"featured_media":0,"parent":0,"menu_order":0,"comment_status":"closed","ping_status":"closed","template":"","meta":{"_acf_changed":false,"footnotes":""},"class_list":["post-10","page","type-page","status-publish","hentry"],"acf":[],"yoast_head":"<!-- This site is optimized with the Yoast SEO plugin v24.2 - https:\/\/yoast.com\/wordpress\/plugins\/seo\/ -->\n<title>Novidades e Documenta\u00e7\u00e3o - Associa\u00e7\u00e3o de Solidariedade Social Nossa Senhora do Mar<\/title>\n<meta name=\"robots\" content=\"index, follow, max-snippet:-1, max-image-preview:large, max-video-preview:-1\" \/>\n<link rel=\"canonical\" href=\"https:\/\/www.assnsm.org\/ag\/\" \/>\n<meta property=\"og:locale\" content=\"pt_PT\" \/>\n<meta property=\"og:type\" content=\"article\" \/>\n<meta property=\"og:title\" content=\"Novidades e Documenta\u00e7\u00e3o - Associa\u00e7\u00e3o de Solidariedade Social Nossa Senhora do Mar\" \/>\n<meta property=\"og:description\" content=\"Sejam Bem-Vindos \u00e0 nossa \u00e1rea de gest\u00e3o de documenta\u00e7\u00e3o! Esta \u00e1rea \u00e9 gerida a pelos nossos T\u00e9cnicos, internamente. Nesta \u00e1rea do site e acedendo ao menu principal podem consultar: Estatutos e Regulamentos Internos, Novidades e Informa\u00e7\u00f5es diversas, Presta\u00e7\u00f5es de Contas Anuais &nbsp;\" \/>\n<meta property=\"og:url\" content=\"https:\/\/www.assnsm.org\/ag\/\" \/>\n<meta property=\"og:site_name\" content=\"Associa\u00e7\u00e3o de Solidariedade Social Nossa Senhora do Mar\" \/>\n<meta property=\"article:modified_time\" content=\"2016-09-12T17:05:16+00:00\" \/>\n<meta property=\"og:image\" content=\"https:\/\/www.assnsm.org\/ag\/wp-content\/uploads\/2016\/08\/cropped-logotipo.jpg\" \/>\n\t<meta property=\"og:image:width\" content=\"160\" \/>\n\t<meta property=\"og:image:height\" content=\"160\" \/>\n\t<meta property=\"og:image:type\" content=\"image\/jpeg\" \/>\n<meta name=\"twitter:card\" content=\"summary_large_image\" \/>\n<script type=\"application\/ld+json\" class=\"yoast-schema-graph\">{\"@context\":\"https:\/\/schema.org\",\"@graph\":[{\"@type\":\"WebPage\",\"@id\":\"https:\/\/www.assnsm.org\/ag\/\",\"url\":\"https:\/\/www.assnsm.org\/ag\/\",\"name\":\"Novidades e Documenta\u00e7\u00e3o - Associa\u00e7\u00e3o de Solidariedade Social Nossa Senhora do Mar\",\"isPartOf\":{\"@id\":\"https:\/\/www.assnsm.org\/ag\/#website\"},\"primaryImageOfPage\":{\"@id\":\"https:\/\/www.assnsm.org\/ag\/#primaryimage\"},\"image\":{\"@id\":\"https:\/\/www.assnsm.org\/ag\/#primaryimage\"},\"thumbnailUrl\":\"http:\/\/www.assnsm.org\/ag\/wp-content\/uploads\/2016\/08\/cropped-logotipo.jpg\",\"datePublished\":\"2016-08-05T00:08:42+00:00\",\"dateModified\":\"2016-09-12T17:05:16+00:00\",\"breadcrumb\":{\"@id\":\"https:\/\/www.assnsm.org\/ag\/#breadcrumb\"},\"inLanguage\":\"pt-PT\",\"potentialAction\":[{\"@type\":\"ReadAction\",\"target\":[\"https:\/\/www.assnsm.org\/ag\/\"]}]},{\"@type\":\"ImageObject\",\"inLanguage\":\"pt-PT\",\"@id\":\"https:\/\/www.assnsm.org\/ag\/#primaryimage\",\"url\":\"https:\/\/www.assnsm.org\/ag\/wp-content\/uploads\/2016\/08\/cropped-logotipo.jpg\",\"contentUrl\":\"https:\/\/www.assnsm.org\/ag\/wp-content\/uploads\/2016\/08\/cropped-logotipo.jpg\",\"width\":160,\"height\":160},{\"@type\":\"BreadcrumbList\",\"@id\":\"https:\/\/www.assnsm.org\/ag\/#breadcrumb\",\"itemListElement\":[{\"@type\":\"ListItem\",\"position\":1,\"name\":\"Home\",\"item\":\"https:\/\/www.assnsm.org\/ag\/\"},{\"@type\":\"ListItem\",\"position\":2,\"name\":\"Novidades e Documenta\u00e7\u00e3o\"}]},{\"@type\":\"WebSite\",\"@id\":\"https:\/\/www.assnsm.org\/ag\/#website\",\"url\":\"https:\/\/www.assnsm.org\/ag\/\",\"name\":\"Associa\u00e7\u00e3o de Solidariedade Social Nossa Senhora do Mar\",\"description\":\"Presta\u00e7\u00e3o de Contas Anuais\",\"potentialAction\":[{\"@type\":\"SearchAction\",\"target\":{\"@type\":\"EntryPoint\",\"urlTemplate\":\"https:\/\/www.assnsm.org\/ag\/?s={search_term_string}\"},\"query-input\":{\"@type\":\"PropertyValueSpecification\",\"valueRequired\":true,\"valueName\":\"search_term_string\"}}],\"inLanguage\":\"pt-PT\"}]}<\/script>\n<!-- \/ Yoast SEO plugin. -->","yoast_head_json":{"title":"Novidades e Documenta\u00e7\u00e3o - Associa\u00e7\u00e3o de Solidariedade Social Nossa Senhora do Mar","robots":{"index":"index","follow":"follow","max-snippet":"max-snippet:-1","max-image-preview":"max-image-preview:large","max-video-preview":"max-video-preview:-1"},"canonical":"https:\/\/www.assnsm.org\/ag\/","og_locale":"pt_PT","og_type":"article","og_title":"Novidades e Documenta\u00e7\u00e3o - Associa\u00e7\u00e3o de Solidariedade Social Nossa Senhora do Mar","og_description":"Sejam Bem-Vindos \u00e0 nossa \u00e1rea de gest\u00e3o de documenta\u00e7\u00e3o! Esta \u00e1rea \u00e9 gerida a pelos nossos T\u00e9cnicos, internamente. Nesta \u00e1rea do site e acedendo ao menu principal podem consultar: Estatutos e Regulamentos Internos, Novidades e Informa\u00e7\u00f5es diversas, Presta\u00e7\u00f5es de Contas Anuais &nbsp;","og_url":"https:\/\/www.assnsm.org\/ag\/","og_site_name":"Associa\u00e7\u00e3o de Solidariedade Social Nossa Senhora do Mar","article_modified_time":"2016-09-12T17:05:16+00:00","og_image":[{"width":160,"height":160,"url":"https:\/\/www.assnsm.org\/ag\/wp-content\/uploads\/2016\/08\/cropped-logotipo.jpg","type":"image\/jpeg"}],"twitter_card":"summary_large_image","schema":{"@context":"https:\/\/schema.org","@graph":[{"@type":"WebPage","@id":"https:\/\/www.assnsm.org\/ag\/","url":"https:\/\/www.assnsm.org\/ag\/","name":"Novidades e Documenta\u00e7\u00e3o - Associa\u00e7\u00e3o de Solidariedade Social Nossa Senhora do Mar","isPartOf":{"@id":"https:\/\/www.assnsm.org\/ag\/#website"},"primaryImageOfPage":{"@id":"https:\/\/www.assnsm.org\/ag\/#primaryimage"},"image":{"@id":"https:\/\/www.assnsm.org\/ag\/#primaryimage"},"thumbnailUrl":"http:\/\/www.assnsm.org\/ag\/wp-content\/uploads\/2016\/08\/cropped-logotipo.jpg","datePublished":"2016-08-05T00:08:42+00:00","dateModified":"2016-09-12T17:05:16+00:00","breadcrumb":{"@id":"https:\/\/www.assnsm.org\/ag\/#breadcrumb"},"inLanguage":"pt-PT","potentialAction":[{"@type":"ReadAction","target":["https:\/\/www.assnsm.org\/ag\/"]}]},{"@type":"ImageObject","inLanguage":"pt-PT","@id":"https:\/\/www.assnsm.org\/ag\/#primaryimage","url":"https:\/\/www.assnsm.org\/ag\/wp-content\/uploads\/2016\/08\/cropped-logotipo.jpg","contentUrl":"https:\/\/www.assnsm.org\/ag\/wp-content\/uploads\/2016\/08\/cropped-logotipo.jpg","width":160,"height":160},{"@type":"BreadcrumbList","@id":"https:\/\/www.assnsm.org\/ag\/#breadcrumb","itemListElement":[{"@type":"ListItem","position":1,"name":"Home","item":"https:\/\/www.assnsm.org\/ag\/"},{"@type":"ListItem","position":2,"name":"Novidades e Documenta\u00e7\u00e3o"}]},{"@type":"WebSite","@id":"https:\/\/www.assnsm.org\/ag\/#website","url":"https:\/\/www.assnsm.org\/ag\/","name":"Associa\u00e7\u00e3o de Solidariedade Social Nossa Senhora do Mar","description":"Presta\u00e7\u00e3o de Contas Anuais","potentialAction":[{"@type":"SearchAction","target":{"@type":"EntryPoint","urlTemplate":"https:\/\/www.assnsm.org\/ag\/?s={search_term_string}"},"query-input":{"@type":"PropertyValueSpecification","valueRequired":true,"valueName":"search_term_string"}}],"inLanguage":"pt-PT"}]}},"_links":{"self":[{"href":"https:\/\/www.assnsm.org\/ag\/wp-json\/wp\/v2\/pages\/10","targetHints":{"allow":["GET"]}}],"collection":[{"href":"https:\/\/www.assnsm.org\/ag\/wp-json\/wp\/v2\/pages"}],"about":[{"href":"https:\/\/www.assnsm.org\/ag\/wp-json\/wp\/v2\/types\/page"}],"author":[{"embeddable":true,"href":"https:\/\/www.assnsm.org\/ag\/wp-json\/wp\/v2\/users\/1"}],"replies":[{"embeddable":true,"href":"https:\/\/www.assnsm.org\/ag\/wp-json\/wp\/v2\/comments?post=10"}],"version-history":[{"count":12,"href":"https:\/\/www.assnsm.org\/ag\/wp-json\/wp\/v2\/pages\/10\/revisions"}],"predecessor-version":[{"id":96,"href":"https:\/\/www.assnsm.org\/ag\/wp-json\/wp\/v2\/pages\/10\/revisions\/96"}],"wp:attachment":[{"href":"https:\/\/www.assnsm.org\/ag\/wp-json\/wp\/v2\/media?parent=10"}],"curies":[{"name":"wp","href":"https:\/\/api.w.org\/{rel}","templated":true}]}}